{"id":2621,"date":"2020-04-29T09:49:09","date_gmt":"2020-04-29T07:49:09","guid":{"rendered":"https:\/\/www.maisonchaussin.com\/angebot\/"},"modified":"2024-12-05T11:37:19","modified_gmt":"2024-12-05T10:37:19","slug":"angebot","status":"publish","type":"page","link":"https:\/\/www.maisonchaussin.com\/de\/angebot\/","title":{"rendered":"Angebot"},"content":{"rendered":"\t\t<div data-elementor-type=\"wp-page\" data-elementor-id=\"2621\" class=\"elementor elementor-2621 elementor-39\" data-elementor-post-type=\"page\">\n\t\t\t\t\t\t<section class=\"elementor-section elementor-top-section elementor-element elementor-element-c957ea7 elementor-section-stretched elementor-section-boxed elementor-section-height-default elementor-section-height-default\" data-id=\"c957ea7\" data-element_type=\"section\" data-e-type=\"section\" data-settings=\"{&quot;stretch_section&quot;:&quot;section-stretched&quot;,&quot;background_background&quot;:&quot;classic&quot;}\">\n\t\t\t\t\t\t<div class=\"elementor-container elementor-column-gap-wider\">\n\t\t\t\t\t<div class=\"elementor-column elementor-col-50 elementor-top-column elementor-element elementor-element-1d06152\" data-id=\"1d06152\" data-element_type=\"column\" data-e-type=\"column\">\n\t\t\t<div class=\"elementor-widget-wrap elementor-element-populated\">\n\t\t\t\t\t\t<div class=\"elementor-element elementor-element-025e1f8 elementor-widget elementor-widget-image\" data-id=\"025e1f8\" data-element_type=\"widget\" data-e-type=\"widget\" data-widget_type=\"image.default\">\n\t\t\t\t<div class=\"elementor-widget-container\">\n\t\t\t\t\t\t\t\t\t\t\t\t\t\t\t<img fetchpriority=\"high\" decoding=\"async\" width=\"640\" height=\"427\" src=\"https:\/\/www.maisonchaussin.com\/wp-content\/uploads\/2023\/04\/Parking.jpg\" class=\"attachment-large size-large wp-image-3303\" alt=\"\" srcset=\"https:\/\/www.maisonchaussin.com\/wp-content\/uploads\/2023\/04\/Parking.jpg 1000w, https:\/\/www.maisonchaussin.com\/wp-content\/uploads\/2023\/04\/Parking-800x534.jpg 800w, https:\/\/www.maisonchaussin.com\/wp-content\/uploads\/2023\/04\/Parking-768x512.jpg 768w\" sizes=\"(max-width: 640px) 100vw, 640px\" \/>\t\t\t\t\t\t\t\t\t\t\t\t\t\t\t<\/div>\n\t\t\t\t<\/div>\n\t\t\t\t\t<\/div>\n\t\t<\/div>\n\t\t\t\t<div class=\"elementor-column elementor-col-50 elementor-top-column elementor-element elementor-element-f3cbc3c\" data-id=\"f3cbc3c\" data-element_type=\"column\" data-e-type=\"column\">\n\t\t\t<div class=\"elementor-widget-wrap elementor-element-populated\">\n\t\t\t\t\t\t<div class=\"elementor-element elementor-element-2239403 elementor-widget elementor-widget-heading\" data-id=\"2239403\" data-element_type=\"widget\" data-e-type=\"widget\" data-widget_type=\"heading.default\">\n\t\t\t\t<div class=\"elementor-widget-container\">\n\t\t\t\t\t<h2 class=\"elementor-heading-title elementor-size-default\">Allgemein<\/h2>\t\t\t\t<\/div>\n\t\t\t\t<\/div>\n\t\t\t\t<div class=\"elementor-element elementor-element-ef265bc elementor-widget elementor-widget-text-editor\" data-id=\"ef265bc\" data-element_type=\"widget\" data-e-type=\"widget\" data-widget_type=\"text-editor.default\">\n\t\t\t\t<div class=\"elementor-widget-container\">\n\t\t\t\t\t\t\t\t\t<p>Parkpl\u00e4tze sind auf dem Gel\u00e4nde.<\/p>\n<p>Gratis WLAN im ganzen Haus.<\/p>\n\t\t\t\t\t\t\t\t<\/div>\n\t\t\t\t<\/div>\n\t\t\t\t\t<\/div>\n\t\t<\/div>\n\t\t\t\t\t<\/div>\n\t\t<\/section>\n\t\t\t\t<section class=\"elementor-section elementor-top-section elementor-element elementor-element-bae0386 elementor-section-stretched elementor-section-boxed elementor-section-height-default elementor-section-height-default\" data-id=\"bae0386\" data-element_type=\"section\" data-e-type=\"section\" data-settings=\"{&quot;stretch_section&quot;:&quot;section-stretched&quot;,&quot;background_background&quot;:&quot;classic&quot;}\">\n\t\t\t\t\t\t<div class=\"elementor-container elementor-column-gap-wider\">\n\t\t\t\t\t<div class=\"elementor-column elementor-col-50 elementor-top-column elementor-element elementor-element-092d6d7\" data-id=\"092d6d7\" data-element_type=\"column\" data-e-type=\"column\">\n\t\t\t<div class=\"elementor-widget-wrap elementor-element-populated\">\n\t\t\t\t\t\t<div class=\"elementor-element elementor-element-169bbdb elementor-widget elementor-widget-heading\" data-id=\"169bbdb\" data-element_type=\"widget\" data-e-type=\"widget\" data-widget_type=\"heading.default\">\n\t\t\t\t<div class=\"elementor-widget-container\">\n\t\t\t\t\t<h2 class=\"elementor-heading-title elementor-size-default\">Essen und Trinken<\/h2>\t\t\t\t<\/div>\n\t\t\t\t<\/div>\n\t\t\t\t<div class=\"elementor-element elementor-element-40d2953 elementor-widget elementor-widget-text-editor\" data-id=\"40d2953\" data-element_type=\"widget\" data-e-type=\"widget\" data-widget_type=\"text-editor.default\">\n\t\t\t\t<div class=\"elementor-widget-container\">\n\t\t\t\t\t\t\t\t\t<p>Zwischen 8 und 10 Uhr steht Ihnen ein reichhaltiges Fr\u00fchst\u00fccksbuffet zur Verf\u00fcgung.<\/p>\n<p>Auf Bestellung servieren wir Ihnen gerne um 19 Uhr ein 4-Gang-Menu (Vorspeise, Hauptgang, K\u00e4se, Dessert) mit Kaffee\/Tee und Wasser inklusive.<\/p>\n<p>Im Angebot haben wir auch verschiedene Biere, Aperitifs, Weine und nichtalkoholische Getr\u00e4nke.<\/p>\n<p>Trinkwasser gibt es gratis rund um die Uhr.<\/p>\n\t\t\t\t\t\t\t\t<\/div>\n\t\t\t\t<\/div>\n\t\t\t\t\t<\/div>\n\t\t<\/div>\n\t\t\t\t<div class=\"elementor-column elementor-col-50 elementor-top-column elementor-element elementor-element-37e55f2\" data-id=\"37e55f2\" data-element_type=\"column\" data-e-type=\"column\">\n\t\t\t<div class=\"elementor-widget-wrap elementor-element-populated\">\n\t\t\t\t\t\t<div class=\"elementor-element elementor-element-d05621f elementor-widget elementor-widget-spacer\" data-id=\"d05621f\" data-element_type=\"widget\" data-e-type=\"widget\" data-widget_type=\"spacer.default\">\n\t\t\t\t<div class=\"elementor-widget-container\">\n\t\t\t\t\t\t\t<div class=\"elementor-spacer\">\n\t\t\t<div class=\"elementor-spacer-inner\"><\/div>\n\t\t<\/div>\n\t\t\t\t\t\t<\/div>\n\t\t\t\t<\/div>\n\t\t\t\t<div class=\"elementor-element elementor-element-5e7dafc elementor-widget elementor-widget-image\" data-id=\"5e7dafc\" data-element_type=\"widget\" data-e-type=\"widget\" data-widget_type=\"image.default\">\n\t\t\t\t<div class=\"elementor-widget-container\">\n\t\t\t\t\t\t\t\t\t\t\t\t\t\t\t<img decoding=\"async\" width=\"640\" height=\"427\" data-src=\"https:\/\/www.maisonchaussin.com\/wp-content\/uploads\/2023\/03\/Buffet.jpg\" class=\"attachment-large size-large wp-image-2544 lazyload\" alt=\"\" data-srcset=\"https:\/\/www.maisonchaussin.com\/wp-content\/uploads\/2023\/03\/Buffet.jpg 1000w, https:\/\/www.maisonchaussin.com\/wp-content\/uploads\/2023\/03\/Buffet-800x534.jpg 800w, https:\/\/www.maisonchaussin.com\/wp-content\/uploads\/2023\/03\/Buffet-768x512.jpg 768w\" data-sizes=\"(max-width: 640px) 100vw, 640px\" src=\"data:image\/svg+xml;base64,PHN2ZyB3aWR0aD0iMSIgaGVpZ2h0PSIxIiB4bWxucz0iaHR0cDovL3d3dy53My5vcmcvMjAwMC9zdmciPjwvc3ZnPg==\" style=\"--smush-placeholder-width: 640px; --smush-placeholder-aspect-ratio: 640\/427;\" \/>\t\t\t\t\t\t\t\t\t\t\t\t\t\t\t<\/div>\n\t\t\t\t<\/div>\n\t\t\t\t\t<\/div>\n\t\t<\/div>\n\t\t\t\t\t<\/div>\n\t\t<\/section>\n\t\t\t\t<section class=\"elementor-section elementor-top-section elementor-element elementor-element-af9b77c elementor-section-stretched elementor-section-boxed elementor-section-height-default elementor-section-height-default\" data-id=\"af9b77c\" data-element_type=\"section\" data-e-type=\"section\" data-settings=\"{&quot;stretch_section&quot;:&quot;section-stretched&quot;,&quot;background_background&quot;:&quot;classic&quot;}\">\n\t\t\t\t\t\t<div class=\"elementor-container elementor-column-gap-wider\">\n\t\t\t\t\t<div class=\"elementor-column elementor-col-50 elementor-top-column elementor-element elementor-element-4275521\" data-id=\"4275521\" data-element_type=\"column\" data-e-type=\"column\">\n\t\t\t<div class=\"elementor-widget-wrap elementor-element-populated\">\n\t\t\t\t\t\t<div class=\"elementor-element elementor-element-3029aa1 elementor-widget elementor-widget-image\" data-id=\"3029aa1\" data-element_type=\"widget\" data-e-type=\"widget\" data-widget_type=\"image.default\">\n\t\t\t\t<div class=\"elementor-widget-container\">\n\t\t\t\t\t\t\t\t\t\t\t\t\t\t\t<img decoding=\"async\" width=\"640\" height=\"427\" data-src=\"https:\/\/www.maisonchaussin.com\/wp-content\/uploads\/2023\/04\/Services_Wellness.jpg\" class=\"attachment-large size-large wp-image-3149 lazyload\" alt=\"\" data-srcset=\"https:\/\/www.maisonchaussin.com\/wp-content\/uploads\/2023\/04\/Services_Wellness.jpg 1000w, https:\/\/www.maisonchaussin.com\/wp-content\/uploads\/2023\/04\/Services_Wellness-800x534.jpg 800w, https:\/\/www.maisonchaussin.com\/wp-content\/uploads\/2023\/04\/Services_Wellness-768x512.jpg 768w\" data-sizes=\"(max-width: 640px) 100vw, 640px\" src=\"data:image\/svg+xml;base64,PHN2ZyB3aWR0aD0iMSIgaGVpZ2h0PSIxIiB4bWxucz0iaHR0cDovL3d3dy53My5vcmcvMjAwMC9zdmciPjwvc3ZnPg==\" style=\"--smush-placeholder-width: 640px; --smush-placeholder-aspect-ratio: 640\/427;\" \/>\t\t\t\t\t\t\t\t\t\t\t\t\t\t\t<\/div>\n\t\t\t\t<\/div>\n\t\t\t\t\t<\/div>\n\t\t<\/div>\n\t\t\t\t<div class=\"elementor-column elementor-col-50 elementor-top-column elementor-element elementor-element-0425ecc\" data-id=\"0425ecc\" data-element_type=\"column\" data-e-type=\"column\">\n\t\t\t<div class=\"elementor-widget-wrap elementor-element-populated\">\n\t\t\t\t\t\t<div class=\"elementor-element elementor-element-c2e5656 elementor-widget elementor-widget-heading\" data-id=\"c2e5656\" data-element_type=\"widget\" data-e-type=\"widget\" data-widget_type=\"heading.default\">\n\t\t\t\t<div class=\"elementor-widget-container\">\n\t\t\t\t\t<h2 class=\"elementor-heading-title elementor-size-default\">Wellness<\/h2>\t\t\t\t<\/div>\n\t\t\t\t<\/div>\n\t\t\t\t<div class=\"elementor-element elementor-element-55864d0 elementor-widget elementor-widget-text-editor\" data-id=\"55864d0\" data-element_type=\"widget\" data-e-type=\"widget\" data-widget_type=\"text-editor.default\">\n\t\t\t\t<div class=\"elementor-widget-container\">\n\t\t\t\t\t\t\t\t\t<p>Verw\u00f6hnen Sie sich mit unserem Wellness-Angebot und unterst\u00fctzen Sie Ihr Wohlbefinden mit Dampfdusche, Infrarot-Sauna, Massage oder einer kinesiologischen Sitzung <a href=\"https:\/\/www.maisonchaussin.com\/de\/preise\/\">(siehe Preise)<\/a>.<\/p>\n<p>Die Dampfdusche und\/oder die Infrarot-Sauna buchen Sie stundenweise.<\/p>\n<p>Die Dampfdusche und\/oder die Infrarot-Sauna buchen Sie stundenweise.<br>Die Entspannungsmassagen dauern 30 Minuten, eine kinesiologische Sitzung zwischen 60 und 90 Minuten.<br><\/p>\n<p>Die Wellness-Optionen k\u00f6nnen Sie direkt vor Ort buchen<\/p>\t\t\t\t\t\t\t\t<\/div>\n\t\t\t\t<\/div>\n\t\t\t\t\t<\/div>\n\t\t<\/div>\n\t\t\t\t\t<\/div>\n\t\t<\/section>\n\t\t\t\t<section class=\"elementor-section elementor-top-section elementor-element elementor-element-0368b92 elementor-section-stretched elementor-section-boxed elementor-section-height-default elementor-section-height-default\" data-id=\"0368b92\" data-element_type=\"section\" data-e-type=\"section\" data-settings=\"{&quot;stretch_section&quot;:&quot;section-stretched&quot;,&quot;background_background&quot;:&quot;classic&quot;}\">\n\t\t\t\t\t\t<div class=\"elementor-container elementor-column-gap-wider\">\n\t\t\t\t\t<div class=\"elementor-column elementor-col-50 elementor-top-column elementor-element elementor-element-00b779d\" data-id=\"00b779d\" data-element_type=\"column\" data-e-type=\"column\">\n\t\t\t<div class=\"elementor-widget-wrap elementor-element-populated\">\n\t\t\t\t\t\t<div class=\"elementor-element elementor-element-69a9346 elementor-widget elementor-widget-heading\" data-id=\"69a9346\" data-element_type=\"widget\" data-e-type=\"widget\" data-widget_type=\"heading.default\">\n\t\t\t\t<div class=\"elementor-widget-container\">\n\t\t\t\t\t<h2 class=\"elementor-heading-title elementor-size-default\">Sport und Freizeit<\/h2>\t\t\t\t<\/div>\n\t\t\t\t<\/div>\n\t\t\t\t<div class=\"elementor-element elementor-element-49c6d36 elementor-widget elementor-widget-text-editor\" data-id=\"49c6d36\" data-element_type=\"widget\" data-e-type=\"widget\" data-widget_type=\"text-editor.default\">\n\t\t\t\t<div class=\"elementor-widget-container\">\n\t\t\t\t\t\t\t\t\t<p>F\u00fcr Wasserliebhaber ist von Mai bis Oktober der Aufstellpool (7,30 m x 3,60 m) in der freien Natur in Betrieb.<\/p>\n<p>Zur Abwechslung geniessen Sie die vielf\u00e4ltige Umgebung unter freiem Himmel im Whirlpool oder auf dem Liegestuhl im Schatten grosser B\u00e4ume.<\/p>\n<p>Sie haben die M\u00f6glichkeit, sich auf dem Hometrainer in der Orangerie sportlich zu bet\u00e4tigen.<\/p>\n<p>Geselligkeit und Spass k\u00f6nnen Sie bei Tischfussball, Boule und anderen Spielen erleben.<\/p>\n<p>Gerne vermitteln wir Ihnen einen Fahrradverleih.<\/p>\n\t\t\t\t\t\t\t\t<\/div>\n\t\t\t\t<\/div>\n\t\t\t\t\t<\/div>\n\t\t<\/div>\n\t\t\t\t<div class=\"elementor-column elementor-col-50 elementor-top-column elementor-element elementor-element-3d08d0b\" data-id=\"3d08d0b\" data-element_type=\"column\" data-e-type=\"column\">\n\t\t\t<div class=\"elementor-widget-wrap elementor-element-populated\">\n\t\t\t\t\t\t<div class=\"elementor-element elementor-element-5b09c7e elementor-widget elementor-widget-image\" data-id=\"5b09c7e\" data-element_type=\"widget\" data-e-type=\"widget\" data-widget_type=\"image.default\">\n\t\t\t\t<div class=\"elementor-widget-container\">\n\t\t\t\t\t\t\t\t\t\t\t\t\t\t\t<img decoding=\"async\" width=\"640\" height=\"427\" data-src=\"https:\/\/www.maisonchaussin.com\/wp-content\/uploads\/2023\/04\/Sevices_Babyfoot.jpg\" class=\"attachment-large size-large wp-image-3155 lazyload\" alt=\"\" data-srcset=\"https:\/\/www.maisonchaussin.com\/wp-content\/uploads\/2023\/04\/Sevices_Babyfoot.jpg 1000w, https:\/\/www.maisonchaussin.com\/wp-content\/uploads\/2023\/04\/Sevices_Babyfoot-800x534.jpg 800w, https:\/\/www.maisonchaussin.com\/wp-content\/uploads\/2023\/04\/Sevices_Babyfoot-768x512.jpg 768w\" data-sizes=\"(max-width: 640px) 100vw, 640px\" src=\"data:image\/svg+xml;base64,PHN2ZyB3aWR0aD0iMSIgaGVpZ2h0PSIxIiB4bWxucz0iaHR0cDovL3d3dy53My5vcmcvMjAwMC9zdmciPjwvc3ZnPg==\" style=\"--smush-placeholder-width: 640px; --smush-placeholder-aspect-ratio: 640\/427;\" \/>\t\t\t\t\t\t\t\t\t\t\t\t\t\t\t<\/div>\n\t\t\t\t<\/div>\n\t\t\t\t\t<\/div>\n\t\t<\/div>\n\t\t\t\t\t<\/div>\n\t\t<\/section>\n\t\t\t\t<\/div>\n\t\t","protected":false},"excerpt":{"rendered":"<p>Allgemein Parkpl\u00e4tze sind auf dem Gel\u00e4nde. Gratis WLAN im ganzen Haus. Essen und Trinken Zwischen 8 und 10 Uhr steht Ihnen ein reichhaltiges Fr\u00fchst\u00fccksbuffet zur Verf\u00fcgung. Auf Bestellung servieren wir Ihnen gerne um 19 Uhr ein 4-Gang-Menu (Vorspeise, Hauptgang, K\u00e4se, Dessert) mit Kaffee\/Tee und Wasser inklusive. Im Angebot haben wir auch verschiedene Biere, Aperitifs, Weine<\/p>\n","protected":false},"author":2,"featured_media":0,"parent":0,"menu_order":30,"comment_status":"closed","ping_status":"closed","template":"","meta":{"footnotes":""},"class_list":["post-2621","page","type-page","status-publish","hentry"],"yoast_head":"<!-- This site is optimized with the Yoast SEO plugin v27.6 - https:\/\/yoast.com\/product\/yoast-seo-wordpress\/ -->\n<title>Angebot - Maison Chaussin<\/title>\n<meta name=\"description\" content=\"Allgemein Parkpl\u00e4tze sind auf dem Gel\u00e4nde. Gratis WLAN im ganzen Haus. Essen und Trinken Zwischen 8 und 10 Uhr steht Ihnen ein reichhaltiges\" \/>\n<meta name=\"robots\" content=\"index, follow, max-snippet:-1, max-image-preview:large, max-video-preview:-1\" \/>\n<link rel=\"canonical\" href=\"https:\/\/www.maisonchaussin.com\/de\/angebot\/\" \/>\n<meta property=\"og:locale\" content=\"de_DE\" \/>\n<meta property=\"og:type\" content=\"article\" \/>\n<meta property=\"og:title\" content=\"Angebot - Maison Chaussin\" \/>\n<meta property=\"og:description\" content=\"Allgemein Parkpl\u00e4tze sind auf dem Gel\u00e4nde. Gratis WLAN im ganzen Haus. Essen und Trinken Zwischen 8 und 10 Uhr steht Ihnen ein reichhaltiges\" \/>\n<meta property=\"og:url\" content=\"https:\/\/www.maisonchaussin.com\/de\/angebot\/\" \/>\n<meta property=\"og:site_name\" content=\"Maison Chaussin\" \/>\n<meta property=\"article:modified_time\" content=\"2024-12-05T10:37:19+00:00\" \/>\n<meta property=\"og:image\" content=\"https:\/\/www.maisonchaussin.com\/wp-content\/uploads\/2023\/04\/Parking.jpg\" \/>\n<meta name=\"twitter:card\" content=\"summary_large_image\" \/>\n<meta name=\"twitter:label1\" content=\"Gesch\u00e4tzte Lesezeit\" \/>\n\t<meta name=\"twitter:data1\" content=\"1\u00a0Minute\" \/>\n<script type=\"application\/ld+json\" class=\"yoast-schema-graph\">{\"@context\":\"https:\\\/\\\/schema.org\",\"@graph\":[{\"@type\":\"WebPage\",\"@id\":\"https:\\\/\\\/www.maisonchaussin.com\\\/de\\\/angebot\\\/\",\"url\":\"https:\\\/\\\/www.maisonchaussin.com\\\/de\\\/angebot\\\/\",\"name\":\"Angebot - Maison Chaussin\",\"isPartOf\":{\"@id\":\"https:\\\/\\\/www.maisonchaussin.com\\\/de\\\/#website\"},\"primaryImageOfPage\":{\"@id\":\"https:\\\/\\\/www.maisonchaussin.com\\\/de\\\/angebot\\\/#primaryimage\"},\"image\":{\"@id\":\"https:\\\/\\\/www.maisonchaussin.com\\\/de\\\/angebot\\\/#primaryimage\"},\"thumbnailUrl\":\"https:\\\/\\\/www.maisonchaussin.com\\\/wp-content\\\/uploads\\\/2023\\\/04\\\/Parking.jpg\",\"datePublished\":\"2020-04-29T07:49:09+00:00\",\"dateModified\":\"2024-12-05T10:37:19+00:00\",\"description\":\"Allgemein Parkpl\u00e4tze sind auf dem Gel\u00e4nde. Gratis WLAN im ganzen Haus. Essen und Trinken Zwischen 8 und 10 Uhr steht Ihnen ein reichhaltiges\",\"breadcrumb\":{\"@id\":\"https:\\\/\\\/www.maisonchaussin.com\\\/de\\\/angebot\\\/#breadcrumb\"},\"inLanguage\":\"de\",\"potentialAction\":[{\"@type\":\"ReadAction\",\"target\":[\"https:\\\/\\\/www.maisonchaussin.com\\\/de\\\/angebot\\\/\"]}]},{\"@type\":\"ImageObject\",\"inLanguage\":\"de\",\"@id\":\"https:\\\/\\\/www.maisonchaussin.com\\\/de\\\/angebot\\\/#primaryimage\",\"url\":\"https:\\\/\\\/www.maisonchaussin.com\\\/wp-content\\\/uploads\\\/2023\\\/04\\\/Parking.jpg\",\"contentUrl\":\"https:\\\/\\\/www.maisonchaussin.com\\\/wp-content\\\/uploads\\\/2023\\\/04\\\/Parking.jpg\"},{\"@type\":\"BreadcrumbList\",\"@id\":\"https:\\\/\\\/www.maisonchaussin.com\\\/de\\\/angebot\\\/#breadcrumb\",\"itemListElement\":[{\"@type\":\"ListItem\",\"position\":1,\"name\":\"Startseite\",\"item\":\"https:\\\/\\\/www.maisonchaussin.com\\\/de\\\/maison-chaussin-charmantes-gastehaus-in-einer-oase-der-ruhe-inmitten-der-natur\\\/\"},{\"@type\":\"ListItem\",\"position\":2,\"name\":\"Angebot\"}]},{\"@type\":\"WebSite\",\"@id\":\"https:\\\/\\\/www.maisonchaussin.com\\\/de\\\/#website\",\"url\":\"https:\\\/\\\/www.maisonchaussin.com\\\/de\\\/\",\"name\":\"Maison Chaussin\",\"description\":\"Maison Chaussin\",\"publisher\":{\"@id\":\"https:\\\/\\\/www.maisonchaussin.com\\\/de\\\/#organization\"},\"potentialAction\":[{\"@type\":\"SearchAction\",\"target\":{\"@type\":\"EntryPoint\",\"urlTemplate\":\"https:\\\/\\\/www.maisonchaussin.com\\\/de\\\/?s={search_term_string}\"},\"query-input\":{\"@type\":\"PropertyValueSpecification\",\"valueRequired\":true,\"valueName\":\"search_term_string\"}}],\"inLanguage\":\"de\"},{\"@type\":\"Organization\",\"@id\":\"https:\\\/\\\/www.maisonchaussin.com\\\/de\\\/#organization\",\"name\":\"Maison Chaussin\",\"url\":\"https:\\\/\\\/www.maisonchaussin.com\\\/de\\\/\",\"logo\":{\"@type\":\"ImageObject\",\"inLanguage\":\"de\",\"@id\":\"https:\\\/\\\/www.maisonchaussin.com\\\/de\\\/#\\\/schema\\\/logo\\\/image\\\/\",\"url\":\"https:\\\/\\\/www.maisonchaussin.com\\\/wp-content\\\/uploads\\\/2023\\\/03\\\/LogoMaisonChaussin.svg\",\"contentUrl\":\"https:\\\/\\\/www.maisonchaussin.com\\\/wp-content\\\/uploads\\\/2023\\\/03\\\/LogoMaisonChaussin.svg\",\"caption\":\"Maison Chaussin\"},\"image\":{\"@id\":\"https:\\\/\\\/www.maisonchaussin.com\\\/de\\\/#\\\/schema\\\/logo\\\/image\\\/\"}}]}<\/script>\n<!-- \/ Yoast SEO plugin. -->","yoast_head_json":{"title":"Angebot - Maison Chaussin","description":"Allgemein Parkpl\u00e4tze sind auf dem Gel\u00e4nde. Gratis WLAN im ganzen Haus. Essen und Trinken Zwischen 8 und 10 Uhr steht Ihnen ein reichhaltiges","robots":{"index":"index","follow":"follow","max-snippet":"max-snippet:-1","max-image-preview":"max-image-preview:large","max-video-preview":"max-video-preview:-1"},"canonical":"https:\/\/www.maisonchaussin.com\/de\/angebot\/","og_locale":"de_DE","og_type":"article","og_title":"Angebot - Maison Chaussin","og_description":"Allgemein Parkpl\u00e4tze sind auf dem Gel\u00e4nde. Gratis WLAN im ganzen Haus. Essen und Trinken Zwischen 8 und 10 Uhr steht Ihnen ein reichhaltiges","og_url":"https:\/\/www.maisonchaussin.com\/de\/angebot\/","og_site_name":"Maison Chaussin","article_modified_time":"2024-12-05T10:37:19+00:00","og_image":[{"url":"https:\/\/www.maisonchaussin.com\/wp-content\/uploads\/2023\/04\/Parking.jpg","type":"","width":"","height":""}],"twitter_card":"summary_large_image","twitter_misc":{"Gesch\u00e4tzte Lesezeit":"1\u00a0Minute"},"schema":{"@context":"https:\/\/schema.org","@graph":[{"@type":"WebPage","@id":"https:\/\/www.maisonchaussin.com\/de\/angebot\/","url":"https:\/\/www.maisonchaussin.com\/de\/angebot\/","name":"Angebot - Maison Chaussin","isPartOf":{"@id":"https:\/\/www.maisonchaussin.com\/de\/#website"},"primaryImageOfPage":{"@id":"https:\/\/www.maisonchaussin.com\/de\/angebot\/#primaryimage"},"image":{"@id":"https:\/\/www.maisonchaussin.com\/de\/angebot\/#primaryimage"},"thumbnailUrl":"https:\/\/www.maisonchaussin.com\/wp-content\/uploads\/2023\/04\/Parking.jpg","datePublished":"2020-04-29T07:49:09+00:00","dateModified":"2024-12-05T10:37:19+00:00","description":"Allgemein Parkpl\u00e4tze sind auf dem Gel\u00e4nde. Gratis WLAN im ganzen Haus. Essen und Trinken Zwischen 8 und 10 Uhr steht Ihnen ein reichhaltiges","breadcrumb":{"@id":"https:\/\/www.maisonchaussin.com\/de\/angebot\/#breadcrumb"},"inLanguage":"de","potentialAction":[{"@type":"ReadAction","target":["https:\/\/www.maisonchaussin.com\/de\/angebot\/"]}]},{"@type":"ImageObject","inLanguage":"de","@id":"https:\/\/www.maisonchaussin.com\/de\/angebot\/#primaryimage","url":"https:\/\/www.maisonchaussin.com\/wp-content\/uploads\/2023\/04\/Parking.jpg","contentUrl":"https:\/\/www.maisonchaussin.com\/wp-content\/uploads\/2023\/04\/Parking.jpg"},{"@type":"BreadcrumbList","@id":"https:\/\/www.maisonchaussin.com\/de\/angebot\/#breadcrumb","itemListElement":[{"@type":"ListItem","position":1,"name":"Startseite","item":"https:\/\/www.maisonchaussin.com\/de\/maison-chaussin-charmantes-gastehaus-in-einer-oase-der-ruhe-inmitten-der-natur\/"},{"@type":"ListItem","position":2,"name":"Angebot"}]},{"@type":"WebSite","@id":"https:\/\/www.maisonchaussin.com\/de\/#website","url":"https:\/\/www.maisonchaussin.com\/de\/","name":"Maison Chaussin","description":"Maison Chaussin","publisher":{"@id":"https:\/\/www.maisonchaussin.com\/de\/#organization"},"potentialAction":[{"@type":"SearchAction","target":{"@type":"EntryPoint","urlTemplate":"https:\/\/www.maisonchaussin.com\/de\/?s={search_term_string}"},"query-input":{"@type":"PropertyValueSpecification","valueRequired":true,"valueName":"search_term_string"}}],"inLanguage":"de"},{"@type":"Organization","@id":"https:\/\/www.maisonchaussin.com\/de\/#organization","name":"Maison Chaussin","url":"https:\/\/www.maisonchaussin.com\/de\/","logo":{"@type":"ImageObject","inLanguage":"de","@id":"https:\/\/www.maisonchaussin.com\/de\/#\/schema\/logo\/image\/","url":"https:\/\/www.maisonchaussin.com\/wp-content\/uploads\/2023\/03\/LogoMaisonChaussin.svg","contentUrl":"https:\/\/www.maisonchaussin.com\/wp-content\/uploads\/2023\/03\/LogoMaisonChaussin.svg","caption":"Maison Chaussin"},"image":{"@id":"https:\/\/www.maisonchaussin.com\/de\/#\/schema\/logo\/image\/"}}]}},"_links":{"self":[{"href":"https:\/\/www.maisonchaussin.com\/de\/wp-json\/wp\/v2\/pages\/2621","targetHints":{"allow":["GET"]}}],"collection":[{"href":"https:\/\/www.maisonchaussin.com\/de\/wp-json\/wp\/v2\/pages"}],"about":[{"href":"https:\/\/www.maisonchaussin.com\/de\/wp-json\/wp\/v2\/types\/page"}],"author":[{"embeddable":true,"href":"https:\/\/www.maisonchaussin.com\/de\/wp-json\/wp\/v2\/users\/2"}],"replies":[{"embeddable":true,"href":"https:\/\/www.maisonchaussin.com\/de\/wp-json\/wp\/v2\/comments?post=2621"}],"version-history":[{"count":59,"href":"https:\/\/www.maisonchaussin.com\/de\/wp-json\/wp\/v2\/pages\/2621\/revisions"}],"predecessor-version":[{"id":3790,"href":"https:\/\/www.maisonchaussin.com\/de\/wp-json\/wp\/v2\/pages\/2621\/revisions\/3790"}],"wp:attachment":[{"href":"https:\/\/www.maisonchaussin.com\/de\/wp-json\/wp\/v2\/media?parent=2621"}],"curies":[{"name":"wp","href":"https:\/\/api.w.org\/{rel}","templated":true}]}}